{"id":15176,"date":"2026-05-04T08:38:35","date_gmt":"2026-05-04T08:38:35","guid":{"rendered":"https:\/\/www.vaasvaas.ee\/knock-3x\/"},"modified":"2026-05-04T16:10:53","modified_gmt":"2026-05-04T16:10:53","slug":"knock3x","status":"publish","type":"page","link":"https:\/\/www.vaasvaas.ee\/en\/knock3x\/","title":{"rendered":"KNOCK 3x"},"content":{"rendered":"\t\t<div data-elementor-type=\"wp-page\" data-elementor-id=\"15176\" class=\"elementor elementor-15176 elementor-15119\" data-elementor-post-type=\"page\">\n\t\t\t\t\t\t<section class=\"elementor-section elementor-top-section elementor-element elementor-element-e674131 elementor-section-boxed elementor-section-height-default elementor-section-height-default\" data-id=\"e674131\" data-element_type=\"section\" data-e-type=\"section\">\n\t\t\t\t\t\t<div class=\"elementor-container elementor-column-gap-default\">\n\t\t\t\t\t<div class=\"elementor-column elementor-col-50 elementor-top-column elementor-element elementor-element-524d2ed\" data-id=\"524d2ed\" data-element_type=\"column\" data-e-type=\"column\">\n\t\t\t<div class=\"elementor-widget-wrap elementor-element-populated\">\n\t\t\t\t\t\t<div class=\"elementor-element elementor-element-f808602 elementor-widget__width-initial elementor-widget elementor-widget-image\" data-id=\"f808602\" data-element_type=\"widget\" data-e-type=\"widget\" data-widget_type=\"image.default\">\n\t\t\t\t<div class=\"elementor-widget-container\">\n\t\t\t\t\t\t\t\t\t\t\t\t\t\t\t<img fetchpriority=\"high\" decoding=\"async\" width=\"768\" height=\"768\" src=\"https:\/\/www.vaasvaas.ee\/wp-content\/uploads\/2026\/04\/O-200-mm-kleeps_KOPUTA-3x_5-mm-bleed-768x768.png\" class=\"attachment-medium_large size-medium_large wp-image-15071\" alt=\"\" srcset=\"https:\/\/www.vaasvaas.ee\/wp-content\/uploads\/2026\/04\/O-200-mm-kleeps_KOPUTA-3x_5-mm-bleed-768x768.png 768w, https:\/\/www.vaasvaas.ee\/wp-content\/uploads\/2026\/04\/O-200-mm-kleeps_KOPUTA-3x_5-mm-bleed-300x300.png 300w, https:\/\/www.vaasvaas.ee\/wp-content\/uploads\/2026\/04\/O-200-mm-kleeps_KOPUTA-3x_5-mm-bleed-1024x1024.png 1024w, https:\/\/www.vaasvaas.ee\/wp-content\/uploads\/2026\/04\/O-200-mm-kleeps_KOPUTA-3x_5-mm-bleed-150x150.png 150w, https:\/\/www.vaasvaas.ee\/wp-content\/uploads\/2026\/04\/O-200-mm-kleeps_KOPUTA-3x_5-mm-bleed.png 1500w\" sizes=\"(max-width: 768px) 100vw, 768px\" \/>\t\t\t\t\t\t\t\t\t\t\t\t\t\t\t<\/div>\n\t\t\t\t<\/div>\n\t\t\t\t\t<\/div>\n\t\t<\/div>\n\t\t\t\t<div class=\"elementor-column elementor-col-50 elementor-top-column elementor-element elementor-element-7e317b8\" data-id=\"7e317b8\" data-element_type=\"column\" data-e-type=\"column\">\n\t\t\t<div class=\"elementor-widget-wrap elementor-element-populated\">\n\t\t\t\t\t\t<div class=\"elementor-element elementor-element-57ff595 elementor-widget elementor-widget-text-editor\" data-id=\"57ff595\" data-element_type=\"widget\" data-e-type=\"widget\" data-widget_type=\"text-editor.default\">\n\t\t\t\t<div class=\"elementor-widget-container\">\n\t\t\t\t\t\t\t\t\t<p style=\"text-align: center;\"><span class=\"x3jgonx\">Winds of change! 12\/5\/26 we will open in a new location and have a new consept:)<\/span><\/p>\n<p><\/p>\n<p style=\"text-align: center;\"><span class=\"x3jgonx\">KOPUTA 3x is 4in1 = gift shop x Vaas&amp;Vaas studio x Nordic Verdure flower studio x inspiring workshop &amp; event venue in the heart of P\u00e4rnu &#8211; R\u00dc\u00dcTLI 41.<\/span><\/p>\n<p><\/p>\n<p style=\"text-align: center;\"><span class=\"x3jgonx\">KOPUTA 3x is simply a wonderful place to sit and be, find a unique gift for a dear friend, watch how artist Helje works with a brush, have a birthday or girls&#8217; night out, let your creative spirit free in the workshop, order a bouquet of flowers, a larger event decoration or a workshop for summer days. <\/span><\/p>\n<p><\/p>\n<p style=\"text-align: center;\"><span class=\"x3jgonx\">Without a doubt the coolest place in P\u00e4rnu:)<\/span><\/p>\n<p><\/p>\n<p style=\"text-align: center;\"><span style=\"color: #3366ff;\"><a style=\"color: #3366ff;\" href=\"https:\/\/fb.me\/e\/6KfAj1SsJ\" target=\"_blank\" rel=\"noopener\"><span style=\"text-decoration: underline;\"><strong>OPENING PARTY 15\/5\/2026<\/strong><\/span><\/a><\/span><\/p>\n<p><\/p>\n<p style=\"text-align: center;\"><span class=\"x3jgonx\">September-May<\/span><br \/>\n<span class=\"x3jgonx\">Tue-Fri 11-18 Sat 11-14<\/span><br \/>\n<span class=\"x3jgonx\">juuni-august<\/span><br \/>\n<span class=\"x3jgonx\">Tue-Fri 11-18 Sat&amp;Sun 11-14<\/span><\/p>\n\t\t\t\t\t\t\t\t<\/div>\n\t\t\t\t<\/div>\n\t\t\t\t\t<\/div>\n\t\t<\/div>\n\t\t\t\t\t<\/div>\n\t\t<\/section>\n\t\t\t\t<section class=\"elementor-section elementor-top-section elementor-element elementor-element-5a4c3ff elementor-section-boxed elementor-section-height-default elementor-section-height-default\" data-id=\"5a4c3ff\" data-element_type=\"section\" data-e-type=\"section\">\n\t\t\t\t\t\t<div class=\"elementor-container elementor-column-gap-default\">\n\t\t\t\t\t<div class=\"elementor-column elementor-col-100 elementor-top-column elementor-element elementor-element-110d6b7\" data-id=\"110d6b7\" data-element_type=\"column\" data-e-type=\"column\">\n\t\t\t<div class=\"elementor-widget-wrap elementor-element-populated\">\n\t\t\t\t\t\t<div class=\"elementor-element elementor-element-ef4af88 elementor-widget elementor-widget-image\" data-id=\"ef4af88\" data-element_type=\"widget\" data-e-type=\"widget\" data-widget_type=\"image.default\">\n\t\t\t\t<div class=\"elementor-widget-container\">\n\t\t\t\t\t\t\t\t\t\t\t\t\t\t\t<img decoding=\"async\" width=\"1024\" height=\"745\" src=\"https:\/\/www.vaasvaas.ee\/wp-content\/uploads\/2026\/05\/KOPUTA-3x_Ruutli-41_-kingipood_ateljee_lillestuudio_tootoad_9-1024x745.jpg\" class=\"attachment-large size-large wp-image-15223\" alt=\"KOPUTA 3x kingipood ateljee lillestuudio t\u00f6\u00f6toad p\u00e4rnu kesklinnas R\u00fc\u00fctli 41\" srcset=\"https:\/\/www.vaasvaas.ee\/wp-content\/uploads\/2026\/05\/KOPUTA-3x_Ruutli-41_-kingipood_ateljee_lillestuudio_tootoad_9-1024x745.jpg 1024w, https:\/\/www.vaasvaas.ee\/wp-content\/uploads\/2026\/05\/KOPUTA-3x_Ruutli-41_-kingipood_ateljee_lillestuudio_tootoad_9-300x218.jpg 300w, https:\/\/www.vaasvaas.ee\/wp-content\/uploads\/2026\/05\/KOPUTA-3x_Ruutli-41_-kingipood_ateljee_lillestuudio_tootoad_9-768x559.jpg 768w, https:\/\/www.vaasvaas.ee\/wp-content\/uploads\/2026\/05\/KOPUTA-3x_Ruutli-41_-kingipood_ateljee_lillestuudio_tootoad_9-1536x1117.jpg 1536w, https:\/\/www.vaasvaas.ee\/wp-content\/uploads\/2026\/05\/KOPUTA-3x_Ruutli-41_-kingipood_ateljee_lillestuudio_tootoad_9-2048x1490.jpg 2048w\" sizes=\"(max-width: 1024px) 100vw, 1024px\" \/>\t\t\t\t\t\t\t\t\t\t\t\t\t\t\t<\/div>\n\t\t\t\t<\/div>\n\t\t\t\t\t<\/div>\n\t\t<\/div>\n\t\t\t\t\t<\/div>\n\t\t<\/section>\n\t\t\t\t<\/div>\n\t\t","protected":false},"excerpt":{"rendered":"<p> [&hellip;]<\/p>\n","protected":false},"author":2,"featured_media":0,"parent":0,"menu_order":0,"comment_status":"closed","ping_status":"closed","template":"","meta":{"_uag_custom_page_level_css":"","site-sidebar-layout":"no-sidebar","site-content-layout":"page-builder","ast-site-content-layout":"full-width-container","site-content-style":"default","site-sidebar-style":"default","ast-global-header-display":"","ast-banner-title-visibility":"","ast-main-header-display":"","ast-hfb-above-header-display":"","ast-hfb-below-header-display":"","ast-hfb-mobile-header-display":"","site-post-title":"disabled","ast-breadcrumbs-content":"","ast-featured-img":"disabled","footer-sml-layout":"","ast-disable-related-posts":"","theme-transparent-header-meta":"","adv-header-id-meta":"","stick-header-meta":"","header-above-stick-meta":"","header-main-stick-meta":"","header-below-stick-meta":"","astra-migrate-meta-layouts":"set","ast-page-background-enabled":"default","ast-page-background-meta":{"desktop":{"background-color":"","background-image":"","background-repeat":"repeat","background-position":"center center","background-size":"auto","background-attachment":"scroll","background-type":"","background-media":"","overlay-type":"","overlay-color":"","overlay-opacity":"","overlay-gradient":""},"tablet":{"background-color":"","background-image":"","background-repeat":"repeat","background-position":"center center","background-size":"auto","background-attachment":"scroll","background-type":"","background-media":"","overlay-type":"","overlay-color":"","overlay-opacity":"","overlay-gradient":""},"mobile":{"background-color":"","background-image":"","background-repeat":"repeat","background-position":"center center","background-size":"auto","background-attachment":"scroll","background-type":"","background-media":"","overlay-type":"","overlay-color":"","overlay-opacity":"","overlay-gradient":""}},"ast-content-background-meta":{"desktop":{"background-color":"var(--ast-global-color-5)","background-image":"","background-repeat":"repeat","background-position":"center center","background-size":"auto","background-attachment":"scroll","background-type":"","background-media":"","overlay-type":"","overlay-color":"","overlay-opacity":"","overlay-gradient":""},"tablet":{"background-color":"var(--ast-global-color-5)","background-image":"","background-repeat":"repeat","background-position":"center center","background-size":"auto","background-attachment":"scroll","background-type":"","background-media":"","overlay-type":"","overlay-color":"","overlay-opacity":"","overlay-gradient":""},"mobile":{"background-color":"var(--ast-global-color-5)","background-image":"","background-repeat":"repeat","background-position":"center center","background-size":"auto","background-attachment":"scroll","background-type":"","background-media":"","overlay-type":"","overlay-color":"","overlay-opacity":"","overlay-gradient":""}},"footnotes":""},"class_list":["post-15176","page","type-page","status-publish","hentry"],"yoast_head":"<!-- This site is optimized with the Yoast SEO plugin v27.5 - https:\/\/yoast.com\/product\/yoast-seo-wordpress\/ -->\n<title>KNOCK 3x - VaasVaas<\/title>\n<meta name=\"robots\" content=\"index, follow, max-snippet:-1, max-image-preview:large, max-video-preview:-1\" \/>\n<link rel=\"canonical\" href=\"https:\/\/www.vaasvaas.ee\/en\/knock3x\/\" \/>\n<meta property=\"og:locale\" content=\"en_US\" \/>\n<meta property=\"og:type\" content=\"article\" \/>\n<meta property=\"og:title\" content=\"KNOCK 3x - VaasVaas\" \/>\n<meta property=\"og:description\" content=\"[&hellip;]\" \/>\n<meta property=\"og:url\" content=\"https:\/\/www.vaasvaas.ee\/en\/knock3x\/\" \/>\n<meta property=\"og:site_name\" content=\"VaasVaas\" \/>\n<meta property=\"article:modified_time\" content=\"2026-05-04T16:10:53+00:00\" \/>\n<meta property=\"og:image\" content=\"https:\/\/www.vaasvaas.ee\/wp-content\/uploads\/2026\/04\/O-200-mm-kleeps_KOPUTA-3x_5-mm-bleed.png\" \/>\n\t<meta property=\"og:image:width\" content=\"1500\" \/>\n\t<meta property=\"og:image:height\" content=\"1500\" \/>\n\t<meta property=\"og:image:type\" content=\"image\/png\" \/>\n<meta name=\"twitter:card\" content=\"summary_large_image\" \/>\n<meta name=\"twitter:label1\" content=\"Est. reading time\" \/>\n\t<meta name=\"twitter:data1\" content=\"2 minutes\" \/>\n<script type=\"application\/ld+json\" class=\"yoast-schema-graph\">{\"@context\":\"https:\\\/\\\/schema.org\",\"@graph\":[{\"@type\":\"WebPage\",\"@id\":\"https:\\\/\\\/www.vaasvaas.ee\\\/en\\\/knock3x\\\/\",\"url\":\"https:\\\/\\\/www.vaasvaas.ee\\\/en\\\/knock3x\\\/\",\"name\":\"KNOCK 3x - VaasVaas\",\"isPartOf\":{\"@id\":\"https:\\\/\\\/www.vaasvaas.ee\\\/en\\\/#website\"},\"primaryImageOfPage\":{\"@id\":\"https:\\\/\\\/www.vaasvaas.ee\\\/en\\\/knock3x\\\/#primaryimage\"},\"image\":{\"@id\":\"https:\\\/\\\/www.vaasvaas.ee\\\/en\\\/knock3x\\\/#primaryimage\"},\"thumbnailUrl\":\"https:\\\/\\\/www.vaasvaas.ee\\\/wp-content\\\/uploads\\\/2026\\\/04\\\/O-200-mm-kleeps_KOPUTA-3x_5-mm-bleed-768x768.png\",\"datePublished\":\"2026-05-04T08:38:35+00:00\",\"dateModified\":\"2026-05-04T16:10:53+00:00\",\"breadcrumb\":{\"@id\":\"https:\\\/\\\/www.vaasvaas.ee\\\/en\\\/knock3x\\\/#breadcrumb\"},\"inLanguage\":\"en-US\",\"potentialAction\":[{\"@type\":\"ReadAction\",\"target\":[\"https:\\\/\\\/www.vaasvaas.ee\\\/en\\\/knock3x\\\/\"]}]},{\"@type\":\"ImageObject\",\"inLanguage\":\"en-US\",\"@id\":\"https:\\\/\\\/www.vaasvaas.ee\\\/en\\\/knock3x\\\/#primaryimage\",\"url\":\"https:\\\/\\\/www.vaasvaas.ee\\\/wp-content\\\/uploads\\\/2026\\\/04\\\/O-200-mm-kleeps_KOPUTA-3x_5-mm-bleed-768x768.png\",\"contentUrl\":\"https:\\\/\\\/www.vaasvaas.ee\\\/wp-content\\\/uploads\\\/2026\\\/04\\\/O-200-mm-kleeps_KOPUTA-3x_5-mm-bleed-768x768.png\"},{\"@type\":\"BreadcrumbList\",\"@id\":\"https:\\\/\\\/www.vaasvaas.ee\\\/en\\\/knock3x\\\/#breadcrumb\",\"itemListElement\":[{\"@type\":\"ListItem\",\"position\":1,\"name\":\"Home\",\"item\":\"https:\\\/\\\/www.vaasvaas.ee\\\/en\\\/\"},{\"@type\":\"ListItem\",\"position\":2,\"name\":\"KNOCK 3x\"}]},{\"@type\":\"WebSite\",\"@id\":\"https:\\\/\\\/www.vaasvaas.ee\\\/en\\\/#website\",\"url\":\"https:\\\/\\\/www.vaasvaas.ee\\\/en\\\/\",\"name\":\"VaasVaas\",\"description\":\"\",\"publisher\":{\"@id\":\"https:\\\/\\\/www.vaasvaas.ee\\\/en\\\/#organization\"},\"potentialAction\":[{\"@type\":\"SearchAction\",\"target\":{\"@type\":\"EntryPoint\",\"urlTemplate\":\"https:\\\/\\\/www.vaasvaas.ee\\\/en\\\/?s={search_term_string}\"},\"query-input\":{\"@type\":\"PropertyValueSpecification\",\"valueRequired\":true,\"valueName\":\"search_term_string\"}}],\"inLanguage\":\"en-US\"},{\"@type\":\"Organization\",\"@id\":\"https:\\\/\\\/www.vaasvaas.ee\\\/en\\\/#organization\",\"name\":\"VaasVaas\",\"url\":\"https:\\\/\\\/www.vaasvaas.ee\\\/en\\\/\",\"logo\":{\"@type\":\"ImageObject\",\"inLanguage\":\"en-US\",\"@id\":\"https:\\\/\\\/www.vaasvaas.ee\\\/en\\\/#\\\/schema\\\/logo\\\/image\\\/\",\"url\":\"https:\\\/\\\/www.vaasvaas.ee\\\/wp-content\\\/uploads\\\/2020\\\/03\\\/Vaas-Vaas-horisontaal-must-logo.png\",\"contentUrl\":\"https:\\\/\\\/www.vaasvaas.ee\\\/wp-content\\\/uploads\\\/2020\\\/03\\\/Vaas-Vaas-horisontaal-must-logo.png\",\"width\":427,\"height\":272,\"caption\":\"VaasVaas\"},\"image\":{\"@id\":\"https:\\\/\\\/www.vaasvaas.ee\\\/en\\\/#\\\/schema\\\/logo\\\/image\\\/\"}}]}<\/script>\n<!-- \/ Yoast SEO plugin. -->","yoast_head_json":{"title":"KNOCK 3x - VaasVaas","robots":{"index":"index","follow":"follow","max-snippet":"max-snippet:-1","max-image-preview":"max-image-preview:large","max-video-preview":"max-video-preview:-1"},"canonical":"https:\/\/www.vaasvaas.ee\/en\/knock3x\/","og_locale":"en_US","og_type":"article","og_title":"KNOCK 3x - VaasVaas","og_description":"[&hellip;]","og_url":"https:\/\/www.vaasvaas.ee\/en\/knock3x\/","og_site_name":"VaasVaas","article_modified_time":"2026-05-04T16:10:53+00:00","og_image":[{"width":1500,"height":1500,"url":"https:\/\/www.vaasvaas.ee\/wp-content\/uploads\/2026\/04\/O-200-mm-kleeps_KOPUTA-3x_5-mm-bleed.png","type":"image\/png"}],"twitter_card":"summary_large_image","twitter_misc":{"Est. reading time":"2 minutes"},"schema":{"@context":"https:\/\/schema.org","@graph":[{"@type":"WebPage","@id":"https:\/\/www.vaasvaas.ee\/en\/knock3x\/","url":"https:\/\/www.vaasvaas.ee\/en\/knock3x\/","name":"KNOCK 3x - VaasVaas","isPartOf":{"@id":"https:\/\/www.vaasvaas.ee\/en\/#website"},"primaryImageOfPage":{"@id":"https:\/\/www.vaasvaas.ee\/en\/knock3x\/#primaryimage"},"image":{"@id":"https:\/\/www.vaasvaas.ee\/en\/knock3x\/#primaryimage"},"thumbnailUrl":"https:\/\/www.vaasvaas.ee\/wp-content\/uploads\/2026\/04\/O-200-mm-kleeps_KOPUTA-3x_5-mm-bleed-768x768.png","datePublished":"2026-05-04T08:38:35+00:00","dateModified":"2026-05-04T16:10:53+00:00","breadcrumb":{"@id":"https:\/\/www.vaasvaas.ee\/en\/knock3x\/#breadcrumb"},"inLanguage":"en-US","potentialAction":[{"@type":"ReadAction","target":["https:\/\/www.vaasvaas.ee\/en\/knock3x\/"]}]},{"@type":"ImageObject","inLanguage":"en-US","@id":"https:\/\/www.vaasvaas.ee\/en\/knock3x\/#primaryimage","url":"https:\/\/www.vaasvaas.ee\/wp-content\/uploads\/2026\/04\/O-200-mm-kleeps_KOPUTA-3x_5-mm-bleed-768x768.png","contentUrl":"https:\/\/www.vaasvaas.ee\/wp-content\/uploads\/2026\/04\/O-200-mm-kleeps_KOPUTA-3x_5-mm-bleed-768x768.png"},{"@type":"BreadcrumbList","@id":"https:\/\/www.vaasvaas.ee\/en\/knock3x\/#breadcrumb","itemListElement":[{"@type":"ListItem","position":1,"name":"Home","item":"https:\/\/www.vaasvaas.ee\/en\/"},{"@type":"ListItem","position":2,"name":"KNOCK 3x"}]},{"@type":"WebSite","@id":"https:\/\/www.vaasvaas.ee\/en\/#website","url":"https:\/\/www.vaasvaas.ee\/en\/","name":"VaasVaas","description":"","publisher":{"@id":"https:\/\/www.vaasvaas.ee\/en\/#organization"},"potentialAction":[{"@type":"SearchAction","target":{"@type":"EntryPoint","urlTemplate":"https:\/\/www.vaasvaas.ee\/en\/?s={search_term_string}"},"query-input":{"@type":"PropertyValueSpecification","valueRequired":true,"valueName":"search_term_string"}}],"inLanguage":"en-US"},{"@type":"Organization","@id":"https:\/\/www.vaasvaas.ee\/en\/#organization","name":"VaasVaas","url":"https:\/\/www.vaasvaas.ee\/en\/","logo":{"@type":"ImageObject","inLanguage":"en-US","@id":"https:\/\/www.vaasvaas.ee\/en\/#\/schema\/logo\/image\/","url":"https:\/\/www.vaasvaas.ee\/wp-content\/uploads\/2020\/03\/Vaas-Vaas-horisontaal-must-logo.png","contentUrl":"https:\/\/www.vaasvaas.ee\/wp-content\/uploads\/2020\/03\/Vaas-Vaas-horisontaal-must-logo.png","width":427,"height":272,"caption":"VaasVaas"},"image":{"@id":"https:\/\/www.vaasvaas.ee\/en\/#\/schema\/logo\/image\/"}}]}},"uagb_featured_image_src":{"full":false,"thumbnail":false,"medium":false,"medium_large":false,"large":false,"1536x1536":false,"2048x2048":false},"uagb_author_info":{"display_name":"Kati Vaas","author_link":"https:\/\/www.vaasvaas.ee\/en\/author\/kati\/"},"uagb_comment_info":0,"uagb_excerpt":"[&hellip;]","_links":{"self":[{"href":"https:\/\/www.vaasvaas.ee\/en\/wp-json\/wp\/v2\/pages\/15176","targetHints":{"allow":["GET"]}}],"collection":[{"href":"https:\/\/www.vaasvaas.ee\/en\/wp-json\/wp\/v2\/pages"}],"about":[{"href":"https:\/\/www.vaasvaas.ee\/en\/wp-json\/wp\/v2\/types\/page"}],"author":[{"embeddable":true,"href":"https:\/\/www.vaasvaas.ee\/en\/wp-json\/wp\/v2\/users\/2"}],"replies":[{"embeddable":true,"href":"https:\/\/www.vaasvaas.ee\/en\/wp-json\/wp\/v2\/comments?post=15176"}],"version-history":[{"count":5,"href":"https:\/\/www.vaasvaas.ee\/en\/wp-json\/wp\/v2\/pages\/15176\/revisions"}],"predecessor-version":[{"id":15238,"href":"https:\/\/www.vaasvaas.ee\/en\/wp-json\/wp\/v2\/pages\/15176\/revisions\/15238"}],"wp:attachment":[{"href":"https:\/\/www.vaasvaas.ee\/en\/wp-json\/wp\/v2\/media?parent=15176"}],"curies":[{"name":"wp","href":"https:\/\/api.w.org\/{rel}","templated":true}]}}